{"id":198,"date":"2016-07-27T14:03:45","date_gmt":"2016-07-27T12:03:45","guid":{"rendered":"http:\/\/www.bimaldoo.com\/wp\/?page_id=198"},"modified":"2026-02-27T14:35:20","modified_gmt":"2026-02-27T12:35:20","slug":"certifikati","status":"publish","type":"page","link":"http:\/\/www.bimaldoo.com\/wp\/?page_id=198","title":{"rendered":"Certifikati"},"content":{"rendered":"<div class=\"container site-content\" style=\"padding-top: 40px; font-family: 'Helvetica Neue', Helvetica, Arial, sans-serif;\">\n<div class=\"row\">\n<div class=\"col-sm-12 text-center\" style=\"margin-bottom: 60px;\">\n<h1 style=\"color: #0056b3; font-weight: 900; text-transform: uppercase; font-size: 3em; margin-bottom: 10px;\">Certifikati i Kvaliteta<\/h1>\n<h3 style=\"color: #333; font-weight: 300; letter-spacing: 2px;\">Vrhunska stolarija s potvrdom izvrsnosti<\/h3>\n<div style=\"width: 100px; height: 4px; background: #0056b3; margin: 20px auto;\"><\/div>\n<p style=\"font-size: 1.2em; line-height: 1.8; color: #555; max-width: 800px; margin: 0 auto;\">\n                Svi na\u0161i proizvodi prolaze stroge kontrole kvalitete i posjeduju certifikate renomiranih europskih instituta. Na\u0161a predanost standardima osigurava vam dugovje\u010dnost i maksimalnu energetsku u\u0161tedu.\n            <\/p>\n<\/p><\/div>\n<\/p><\/div>\n<div class=\"row\" style=\"margin-bottom: 60px;\">\n<div class=\"col-md-4\" style=\"margin-bottom: 30px;\">\n<div style=\"background: #fff; padding: 40px 20px; border-radius: 12px; box-shadow: 0 10px 30px rgba(0,0,0,0.08); border-top: 5px solid #0056b3; text-align: center; height: 100%;\">\n<div style=\"font-size: 40px; color: #0056b3; margin-bottom: 20px;\"><i class=\"fa fa-leaf\"><\/i><\/div>\n<h4 style=\"font-weight: bold; margin-bottom: 15px;\">Energetski Razred A+<\/h4>\n<p style=\"color: #666;\">Na\u0161i sustavi zadovoljavaju najvi\u0161e standarde toplinske izolacije prema EU normama.<\/p>\n<\/p><\/div>\n<\/p><\/div>\n<div class=\"col-md-4\" style=\"margin-bottom: 30px;\">\n<div style=\"background: #fff; padding: 40px 20px; border-radius: 12px; box-shadow: 0 10px 30px rgba(0,0,0,0.08); border-top: 5px solid #333; text-align: center; height: 100%;\">\n<div style=\"font-size: 40px; color: #333; margin-bottom: 20px;\"><strong>CE<\/strong><\/div>\n<h4 style=\"font-weight: bold; margin-bottom: 15px;\">Europska Sukladnost<\/h4>\n<p style=\"color: #666;\">Oznaka koja jam\u010di da su proizvodi uskla\u0111eni sa svim sigurnosnim direktivama.<\/p>\n<\/p><\/div>\n<\/p><\/div>\n<div class=\"col-md-4\" style=\"margin-bottom: 30px;\">\n<div style=\"background: #fff; padding: 40px 20px; border-radius: 12px; box-shadow: 0 10px 30px rgba(0,0,0,0.08); border-top: 5px solid #0056b3; text-align: center; height: 100%;\">\n<div style=\"font-size: 40px; color: #0056b3; margin-bottom: 20px;\"><i class=\"fa fa-volume-off\"><\/i><\/div>\n<h4 style=\"font-weight: bold; margin-bottom: 15px;\">Zvu\u010dna Izolacija<\/h4>\n<p style=\"color: #666;\">Vrhunska za\u0161tita od buke za miran i ugodan boravak u va\u0161em domu.<\/p>\n<\/p><\/div>\n<\/p><\/div>\n<\/p><\/div>\n<div class=\"row\" style=\"margin-bottom: 70px; background: #fff; padding: 40px; border-radius: 15px; box-shadow: 0 10px 40px rgba(0,0,0,0.05);\">\n<div class=\"col-sm-12 text-center\" style=\"margin-bottom: 40px;\">\n<h2 style=\"color: #333; font-weight: bold;\">Slu\u017ebeni Atesti i Dokumentacija<\/h2>\n<div style=\"width: 50px; height: 3px; background: #eee; margin: 15px auto;\"><\/div>\n<p style=\"color: #777;\">U nastavku mo\u017eete pogledati na\u0161e certifikate kvalitete (kliknite za uve\u0107anje):<\/p>\n<\/p><\/div>\n<div class=\"col-sm-12\">\n            <div id='gallery-1' class='gallery galleryid-198 gallery-columns-3 gallery-size-thumbnail'><figure class='gallery-item'>\n\t\t\t<div class='gallery-icon portrait'>\n\t\t\t\t<a href='http:\/\/www.bimaldoo.com\/wp\/?attachment_id=199'><img loading=\"lazy\" decoding=\"async\" width=\"150\" height=\"150\" src=\"http:\/\/www.bimaldoo.com\/wp\/wp-content\/uploads\/2016\/07\/1-150x150.jpg\" class=\"attachment-thumbnail size-thumbnail\" alt=\"\" srcset=\"http:\/\/www.bimaldoo.com\/wp\/wp-content\/uploads\/2016\/07\/1-150x150.jpg 150w, http:\/\/www.bimaldoo.com\/wp\/wp-content\/uploads\/2016\/07\/1-50x50.jpg 50w\" sizes=\"auto, (max-width: 150px) 100vw, 150px\" \/><\/a>\n\t\t\t<\/div><\/figure><figure class='gallery-item'>\n\t\t\t<div class='gallery-icon portrait'>\n\t\t\t\t<a href='http:\/\/www.bimaldoo.com\/wp\/?attachment_id=200'><img loading=\"lazy\" decoding=\"async\" width=\"150\" height=\"150\" src=\"http:\/\/www.bimaldoo.com\/wp\/wp-content\/uploads\/2016\/07\/2-150x150.jpg\" class=\"attachment-thumbnail size-thumbnail\" alt=\"\" srcset=\"http:\/\/www.bimaldoo.com\/wp\/wp-content\/uploads\/2016\/07\/2-150x150.jpg 150w, http:\/\/www.bimaldoo.com\/wp\/wp-content\/uploads\/2016\/07\/2-50x50.jpg 50w\" sizes=\"auto, (max-width: 150px) 100vw, 150px\" \/><\/a>\n\t\t\t<\/div><\/figure><figure class='gallery-item'>\n\t\t\t<div class='gallery-icon portrait'>\n\t\t\t\t<a href='http:\/\/www.bimaldoo.com\/wp\/?attachment_id=201'><img loading=\"lazy\" decoding=\"async\" width=\"150\" height=\"150\" src=\"http:\/\/www.bimaldoo.com\/wp\/wp-content\/uploads\/2016\/07\/3-150x150.jpg\" class=\"attachment-thumbnail size-thumbnail\" alt=\"\" srcset=\"http:\/\/www.bimaldoo.com\/wp\/wp-content\/uploads\/2016\/07\/3-150x150.jpg 150w, http:\/\/www.bimaldoo.com\/wp\/wp-content\/uploads\/2016\/07\/3-50x50.jpg 50w\" sizes=\"auto, (max-width: 150px) 100vw, 150px\" \/><\/a>\n\t\t\t<\/div><\/figure><figure class='gallery-item'>\n\t\t\t<div class='gallery-icon portrait'>\n\t\t\t\t<a href='http:\/\/www.bimaldoo.com\/wp\/?attachment_id=202'><img loading=\"lazy\" decoding=\"async\" width=\"150\" height=\"150\" src=\"http:\/\/www.bimaldoo.com\/wp\/wp-content\/uploads\/2016\/07\/CE-znak-150x150.jpg\" class=\"attachment-thumbnail size-thumbnail\" alt=\"\" srcset=\"http:\/\/www.bimaldoo.com\/wp\/wp-content\/uploads\/2016\/07\/CE-znak-150x150.jpg 150w, http:\/\/www.bimaldoo.com\/wp\/wp-content\/uploads\/2016\/07\/CE-znak-50x50.jpg 50w\" sizes=\"auto, (max-width: 150px) 100vw, 150px\" \/><\/a>\n\t\t\t<\/div><\/figure>\n\t\t<\/div>\n\n            <\/div>\n<\/p><\/div>\n<div class=\"row\">\n<div class=\"col-sm-12 text-center\" style=\"background: linear-gradient(135deg, #0056b3 0%, #003d7a 100%); padding: 70px 20px; border-radius: 12px; color: #fff; box-shadow: 0 15px 40px rgba(0,86,179,0.2);\">\n<h2 style=\"color: #fff; margin-bottom: 20px; font-weight: bold;\">Trebate ponudu za va\u0161e otvore?<\/h2>\n<p style=\"font-size: 1.2em; margin-bottom: 40px; opacity: 0.9;\">Obratite nam se s povjerenjem za besplatne konzultacije i izmjere.<\/p>\n<p>            <a href=\"https:\/\/www.bimaldoo.com\/#kontakt\" style=\"background: #fff; color: #0056b3; padding: 20px 50px; border-radius: 5px; text-decoration: none; font-weight: bold; text-transform: uppercase; letter-spacing: 1px;\">Kontaktirajte nas<\/a>\n        <\/div>\n<\/p><\/div>\n<\/div>\n","protected":false},"excerpt":{"rendered":"<p>Certifikati i Kvaliteta Vrhunska stolarija s potvrdom izvrsnosti Svi na\u0161i proizvodi prolaze stroge kontrole kvalitete i posjeduju certifikate renomiranih europskih &hellip; <a href=\"http:\/\/www.bimaldoo.com\/wp\/?page_id=198\" class=\"more-link\">Continue reading <span class=\"screen-reader-text\">Certifikati<\/span><\/a><\/p>\n","protected":false},"author":1,"featured_media":0,"parent":38,"menu_order":0,"comment_status":"closed","ping_status":"closed","template":"","meta":{"footnotes":""},"class_list":["post-198","page","type-page","status-publish","hentry"],"yoast_head":"<!-- This site is optimized with the Yoast SEO plugin v27.4 - https:\/\/yoast.com\/product\/yoast-seo-wordpress\/ -->\n<title>Certifikati - Bimal d.o.o. \u0160iroki Brijeg<\/title>\n<meta name=\"robots\" content=\"index, follow, max-snippet:-1, max-image-preview:large, max-video-preview:-1\" \/>\n<link rel=\"canonical\" href=\"http:\/\/www.bimaldoo.com\/wp\/?page_id=198\" \/>\n<meta property=\"og:locale\" content=\"hr_HR\" \/>\n<meta property=\"og:type\" content=\"article\" \/>\n<meta property=\"og:title\" content=\"Certifikati - Bimal d.o.o. \u0160iroki Brijeg\" \/>\n<meta property=\"og:description\" content=\"Certifikati i Kvaliteta Vrhunska stolarija s potvrdom izvrsnosti Svi na\u0161i proizvodi prolaze stroge kontrole kvalitete i posjeduju certifikate renomiranih europskih &hellip; Continue reading Certifikati\" \/>\n<meta property=\"og:url\" content=\"http:\/\/www.bimaldoo.com\/wp\/?page_id=198\" \/>\n<meta property=\"og:site_name\" content=\"Bimal d.o.o. \u0160iroki Brijeg\" \/>\n<meta property=\"article:publisher\" content=\"https:\/\/www.facebook.com\/Bimaldoo\/\" \/>\n<meta property=\"article:modified_time\" content=\"2026-02-27T12:35:20+00:00\" \/>\n<meta property=\"og:image\" content=\"http:\/\/www.bimaldoo.com\/wp\/wp-content\/uploads\/2016\/07\/1-150x150.jpg\" \/>\n<meta name=\"twitter:card\" content=\"summary_large_image\" \/>\n<meta name=\"twitter:label1\" content=\"Procijenjeno vrijeme \u010ditanja\" \/>\n\t<meta name=\"twitter:data1\" content=\"1 minuta\" \/>\n<script type=\"application\/ld+json\" class=\"yoast-schema-graph\">{\"@context\":\"https:\\\/\\\/schema.org\",\"@graph\":[{\"@type\":\"WebPage\",\"@id\":\"http:\\\/\\\/www.bimaldoo.com\\\/wp\\\/?page_id=198\",\"url\":\"http:\\\/\\\/www.bimaldoo.com\\\/wp\\\/?page_id=198\",\"name\":\"Certifikati - Bimal d.o.o. \u0160iroki Brijeg\",\"isPartOf\":{\"@id\":\"https:\\\/\\\/www.bimaldoo.com\\\/wp\\\/#website\"},\"datePublished\":\"2016-07-27T12:03:45+00:00\",\"dateModified\":\"2026-02-27T12:35:20+00:00\",\"breadcrumb\":{\"@id\":\"http:\\\/\\\/www.bimaldoo.com\\\/wp\\\/?page_id=198#breadcrumb\"},\"inLanguage\":\"hr\",\"potentialAction\":[{\"@type\":\"ReadAction\",\"target\":[\"http:\\\/\\\/www.bimaldoo.com\\\/wp\\\/?page_id=198\"]}]},{\"@type\":\"BreadcrumbList\",\"@id\":\"http:\\\/\\\/www.bimaldoo.com\\\/wp\\\/?page_id=198#breadcrumb\",\"itemListElement\":[{\"@type\":\"ListItem\",\"position\":1,\"name\":\"Po\u010detna stranica\",\"item\":\"https:\\\/\\\/www.bimaldoo.com\\\/wp\\\/\"},{\"@type\":\"ListItem\",\"position\":2,\"name\":\"PVC\\\/Al stolarija, segmentna vrata, ograde, roletne, grilje, komarice\",\"item\":\"https:\\\/\\\/www.bimaldoo.com\\\/wp\\\/\"},{\"@type\":\"ListItem\",\"position\":3,\"name\":\"Tradicija duga tri desetlje\u0107a\",\"item\":\"http:\\\/\\\/www.bimaldoo.com\\\/wp\\\/?page_id=38\"},{\"@type\":\"ListItem\",\"position\":4,\"name\":\"Certifikati\"}]},{\"@type\":\"WebSite\",\"@id\":\"https:\\\/\\\/www.bimaldoo.com\\\/wp\\\/#website\",\"url\":\"https:\\\/\\\/www.bimaldoo.com\\\/wp\\\/\",\"name\":\"Bimal d.o.o. \u0160iroki Brijeg\",\"description\":\"S nama kroz budu\u0107nost\",\"potentialAction\":[{\"@type\":\"SearchAction\",\"target\":{\"@type\":\"EntryPoint\",\"urlTemplate\":\"https:\\\/\\\/www.bimaldoo.com\\\/wp\\\/?s={search_term_string}\"},\"query-input\":{\"@type\":\"PropertyValueSpecification\",\"valueRequired\":true,\"valueName\":\"search_term_string\"}}],\"inLanguage\":\"hr\"}]}<\/script>\n<!-- \/ Yoast SEO plugin. -->","yoast_head_json":{"title":"Certifikati - Bimal d.o.o. \u0160iroki Brijeg","robots":{"index":"index","follow":"follow","max-snippet":"max-snippet:-1","max-image-preview":"max-image-preview:large","max-video-preview":"max-video-preview:-1"},"canonical":"http:\/\/www.bimaldoo.com\/wp\/?page_id=198","og_locale":"hr_HR","og_type":"article","og_title":"Certifikati - Bimal d.o.o. \u0160iroki Brijeg","og_description":"Certifikati i Kvaliteta Vrhunska stolarija s potvrdom izvrsnosti Svi na\u0161i proizvodi prolaze stroge kontrole kvalitete i posjeduju certifikate renomiranih europskih &hellip; Continue reading Certifikati","og_url":"http:\/\/www.bimaldoo.com\/wp\/?page_id=198","og_site_name":"Bimal d.o.o. \u0160iroki Brijeg","article_publisher":"https:\/\/www.facebook.com\/Bimaldoo\/","article_modified_time":"2026-02-27T12:35:20+00:00","og_image":[{"url":"http:\/\/www.bimaldoo.com\/wp\/wp-content\/uploads\/2016\/07\/1-150x150.jpg","type":"","width":"","height":""}],"twitter_card":"summary_large_image","twitter_misc":{"Procijenjeno vrijeme \u010ditanja":"1 minuta"},"schema":{"@context":"https:\/\/schema.org","@graph":[{"@type":"WebPage","@id":"http:\/\/www.bimaldoo.com\/wp\/?page_id=198","url":"http:\/\/www.bimaldoo.com\/wp\/?page_id=198","name":"Certifikati - Bimal d.o.o. \u0160iroki Brijeg","isPartOf":{"@id":"https:\/\/www.bimaldoo.com\/wp\/#website"},"datePublished":"2016-07-27T12:03:45+00:00","dateModified":"2026-02-27T12:35:20+00:00","breadcrumb":{"@id":"http:\/\/www.bimaldoo.com\/wp\/?page_id=198#breadcrumb"},"inLanguage":"hr","potentialAction":[{"@type":"ReadAction","target":["http:\/\/www.bimaldoo.com\/wp\/?page_id=198"]}]},{"@type":"BreadcrumbList","@id":"http:\/\/www.bimaldoo.com\/wp\/?page_id=198#breadcrumb","itemListElement":[{"@type":"ListItem","position":1,"name":"Po\u010detna stranica","item":"https:\/\/www.bimaldoo.com\/wp\/"},{"@type":"ListItem","position":2,"name":"PVC\/Al stolarija, segmentna vrata, ograde, roletne, grilje, komarice","item":"https:\/\/www.bimaldoo.com\/wp\/"},{"@type":"ListItem","position":3,"name":"Tradicija duga tri desetlje\u0107a","item":"http:\/\/www.bimaldoo.com\/wp\/?page_id=38"},{"@type":"ListItem","position":4,"name":"Certifikati"}]},{"@type":"WebSite","@id":"https:\/\/www.bimaldoo.com\/wp\/#website","url":"https:\/\/www.bimaldoo.com\/wp\/","name":"Bimal d.o.o. \u0160iroki Brijeg","description":"S nama kroz budu\u0107nost","potentialAction":[{"@type":"SearchAction","target":{"@type":"EntryPoint","urlTemplate":"https:\/\/www.bimaldoo.com\/wp\/?s={search_term_string}"},"query-input":{"@type":"PropertyValueSpecification","valueRequired":true,"valueName":"search_term_string"}}],"inLanguage":"hr"}]}},"_links":{"self":[{"href":"http:\/\/www.bimaldoo.com\/wp\/index.php?rest_route=\/wp\/v2\/pages\/198","targetHints":{"allow":["GET"]}}],"collection":[{"href":"http:\/\/www.bimaldoo.com\/wp\/index.php?rest_route=\/wp\/v2\/pages"}],"about":[{"href":"http:\/\/www.bimaldoo.com\/wp\/index.php?rest_route=\/wp\/v2\/types\/page"}],"author":[{"embeddable":true,"href":"http:\/\/www.bimaldoo.com\/wp\/index.php?rest_route=\/wp\/v2\/users\/1"}],"replies":[{"embeddable":true,"href":"http:\/\/www.bimaldoo.com\/wp\/index.php?rest_route=%2Fwp%2Fv2%2Fcomments&post=198"}],"version-history":[{"count":5,"href":"http:\/\/www.bimaldoo.com\/wp\/index.php?rest_route=\/wp\/v2\/pages\/198\/revisions"}],"predecessor-version":[{"id":2146,"href":"http:\/\/www.bimaldoo.com\/wp\/index.php?rest_route=\/wp\/v2\/pages\/198\/revisions\/2146"}],"up":[{"embeddable":true,"href":"http:\/\/www.bimaldoo.com\/wp\/index.php?rest_route=\/wp\/v2\/pages\/38"}],"wp:attachment":[{"href":"http:\/\/www.bimaldoo.com\/wp\/index.php?rest_route=%2Fwp%2Fv2%2Fmedia&parent=198"}],"curies":[{"name":"wp","href":"https:\/\/api.w.org\/{rel}","templated":true}]}}