{"id":5,"date":"2016-06-22T19:44:21","date_gmt":"2016-06-22T19:44:21","guid":{"rendered":"http:\/\/www.bimaldoo.com\/wp\/?page_id=5"},"modified":"2017-07-06T14:44:13","modified_gmt":"2017-07-06T12:44:13","slug":"pvc-aluminijska-stolarija-segmentna-vrata-ograde-roletne-grilje-komarice","status":"publish","type":"page","link":"http:\/\/www.bimaldoo.com\/wp\/","title":{"rendered":"PVC\/Al stolarija, segmentna vrata, ograde, roletne, grilje, komarice"},"content":{"rendered":"<p><!-- Google Tag Manager -->Bimal PVC aluminijska stolarija, segmentna vrata, ograde, roletne, grilje, komarice<br \/>\n<noscript><iframe loading=\"lazy\" src=\"\/\/www.googletagmanager.com\/ns.html?id=GTM-T7ZNLW\" height=\"0\" width=\"0\" style=\"display:none;visibility:hidden\"><\/iframe><\/noscript><br \/>\n<script>\/\/ <![CDATA[ (function(w,d,s,l,i){w[l]=w[l]||[];w[l].push({'gtm.start': new Date().getTime(),event:'gtm.js'});var f=d.getElementsByTagName(s)[0], j=d.createElement(s),dl=l!='dataLayer'?'&#038;l='+l:'';j.async=true;j.src= '\/\/www.googletagmanager.com\/gtm.js?id='+i+dl;f.parentNode.insertBefore(j,f); })(window,document,'script','dataLayer','GTM-T7ZNLW'); \/\/ ]]><\/script><br \/>\n<!-- End Google Tag Manager --><\/p>\n<h2>Bimal PVC aluminijska stolarija, segmentna vrata, ograde, roletne, grilje, komarice<\/h2>\n<h3>Tko smo mi<\/h3>\n<p class=\"mb32\">BIMAL d.o.o. je privatna tvrtka specijalizirana za proizvodnju, prodaju i ugradnju PVC i ALU stolarije.<\/p>\n<h3>Tradicija<\/h3>\n<p class=\"mb32\">Dugogodi\u0161nje iskustvo zaposlenika garancija je za izuzetno kvalitetnu uslugu.<\/p>\n<h1>Proizvodi<\/h1>\n<p class=\"mb32\">U na\u0161e proizvode ugra\u0111eni su samo najkvalitetniji materijali. Uz jedinstven dizajn te odli\u010dna toplinska i zvu\u010dno-izolacijska svojstva nudimo samo najbolje proizvode na tr\u017ei\u0161tu.<\/p>\n<h3 class=\"mb32\">Projekti<\/h3>\n<p class=\"mb40\">Pogledajte foto galerije nekih od na\u0161ih ranije odra\u0111enih radova<\/p>\n<h3 class=\"mb64 mb-xs-40\">Partneri<\/h3>\n<h2 class=\"widget-title\"><a href=\"https:\/\/www.facebook.com\/Bimal-doo-1717101121851183\/\">BIMAL NA FACEBOOKU<\/a><\/h2>\n<h2 class=\"widget-title\">GDJE SE NALAZIMO<\/h2>\n<p><a href=\"http:\/\/maps.google.com\/maps?z=16&amp;q=zavoznik+54,+trn,+%C5%A0iroki+brijeg,+bosna+i+hercegovina\" target=\"_blank\" rel=\"noopener\">Zavoznik 54, Trn, \u0160iroki Brijeg, Bosna i Hercegovina<\/a><\/p>\n<h2 class=\"widget-title\">KONTAKTIRAJTE NAS<\/h2>\n<h2 class=\"widget-title\">BIMAL D.O.O. ZA TRGOVINU I USLUGE<\/h2>\n<div class=\"textwidget\">\n<p>PDV broj: 272031240004<\/p>\n<p>Vlasnik: Branislav Pavkovi\u0107 \u2013 Bana<\/p>\n<p>Telefon: +387 39 709 121<br \/>\nMobitel: +387 63 312 351<\/p>\n<p>e-mail: bimal@wic.ba<\/p>\n<p>O NAMA<\/p>\n<p>Tvrtka \u201cBIMAL d.o.o. za trgovinu i usluge\u201d osnovana je davne 1994. godine. Kroz navedeni niz godina kvalitetom se nametnula me\u0111u vode\u0107e proizvo\u0111a\u010de PVC i AL stolarije u regiji.<\/p>\n<p>Cilj nam je biti vode\u0107i proizvo\u0111a\u010d kvalitetne i inovativne PVC i AL stolarije. Zbog toga redovno osvje\u017eavamo svoj proizvodni asortiman, pratimo trendove, certificiramo proizvode, konstantno vr\u0161imo edukaciju zaposlenika te biramo dobavlja\u010de iz samog vrha ove industrije.<\/p>\n<ul id=\"featured_desc\" class=\"jcarousel-list jcarousel-list-horizontal\">\n<li class=\"jcarousel-item jcarousel-item-horizontal jcarousel-item-1 jcarousel-item-1-horizontal\">\n<div>\n<h2>Poduze\u0107e za proizvodnju PVC i aluminijske stolarije, zimskih vrtova, segmentnih vrata, ograda, roleta, grilja i \u017ealuzina te ostalih srodnih proizvoda<\/h2>\n<p>PVC alu stolarija plasti\u010dne roletne aluminijske ograde Bimal \u0160iroki Brijeg<\/p>\n<p>Bimal \u0160iroki Brijeg PVC alu stolarija plasti\u010dne roletne aluminijske ograde<\/p>\n<p>Bimal PVC aluminijske stolarije, segmentnih vrata, ograda, roleta, grilja, komarica<\/p>\n<p>Proizvodi :<\/p>\n<p>-AL vrata<\/p>\n<p>-PVC Vrata<\/p>\n<p>-AL i PVC Prozori<\/p>\n<p>-Al.\u00a0 grilje<\/p>\n<p>-AL ograda<\/p>\n<p>-Segmenta vrata<\/p>\n<p>-Al Klizno<\/p>\n<\/div>\n<p>Bimal \u0160iroki Brijeg<\/li>\n<\/ul>\n<p>Naziv subjekta: <b>Bimal d.o.o.<\/b><br \/>\nAdresa (ulica i broj): Zavoznik 54<br \/>\nPo\u0161tanski broj: 88220<br \/>\nMjesto: \u0160IROKI BRIJEG<br \/>\nTelefon(i): <b>039\/704 485<br \/>\n063\/312 351<br \/>\nFax: 039\/704 485 <\/b><\/p>\n<p>Proizvodnja PVC stolarije<\/p>\n<p>Bimal PVC aluminijska stolarija, segmentna vrata, ograde, roletne, grilje, komarice<\/p>\n<\/div>\n<p>&lt;script&gt;<br \/>\n(function(i,s,o,g,r,a,m){i[&#8216;GoogleAnalyticsObject&#8217;]=r;i[r]=i[r]||function(){<br \/>\n(i[r].q=i[r].q||[]).push(arguments)},i[r].l=1*new Date();a=s.createElement(o),<br \/>\nm=s.getElementsByTagName(o)[0];a.async=1;a.src=g;m.parentNode.insertBefore(a,m)<br \/>\n})(window,document,&#8217;script&#8217;,&#8217;https:\/\/www.google-analytics.com\/analytics.js&#8217;,&#8217;ga&#8217;);<\/p>\n<p>ga(&#8216;create&#8217;, &#8216;UA-80379428-1&#8217;, &#8216;auto&#8217;);<br \/>\nga(&#8216;send&#8217;, &#8216;pageview&#8217;);<\/p>\n<p>&lt;\/script&gt;<\/p>\n","protected":false},"excerpt":{"rendered":"<p>Bimal PVC aluminijska stolarija, segmentna vrata, ograde, roletne, grilje, komarice Bimal PVC aluminijska stolarija, segmentna vrata, ograde, roletne, grilje, komarice &hellip; <a href=\"http:\/\/www.bimaldoo.com\/wp\/\" class=\"more-link\">Continue reading <span class=\"screen-reader-text\">PVC\/Al stolarija, segmentna vrata, ograde, roletne, grilje, komarice<\/span><\/a><\/p>\n","protected":false},"author":1,"featured_media":0,"parent":0,"menu_order":0,"comment_status":"closed","ping_status":"closed","template":"page-templates\/template-home.php","meta":{"footnotes":""},"class_list":["post-5","page","type-page","status-publish","hentry"],"yoast_head":"<!-- This site is optimized with the Yoast SEO plugin v27.4 - https:\/\/yoast.com\/product\/yoast-seo-wordpress\/ -->\n<title>PVC\/Al stolarija, segmentna vrata, ograde, roletne, grilje, komarice - Bimal d.o.o. \u0160iroki Brijeg<\/title>\n<meta name=\"description\" content=\"BIMAL d.o.o. je privatna tvrtka specijalizirana za proizvodnju, prodaju i ugradnju PVC i ALU stolarije. Obratite nam se s povjerenjem.\" \/>\n<meta name=\"robots\" content=\"index, follow, max-snippet:-1, max-image-preview:large, max-video-preview:-1\" \/>\n<link rel=\"canonical\" href=\"https:\/\/www.bimaldoo.com\/wp\/\" \/>\n<meta property=\"og:locale\" content=\"hr_HR\" \/>\n<meta property=\"og:type\" content=\"article\" \/>\n<meta property=\"og:title\" content=\"Bimal d.o.o. - s nama kroz budu\u0107nost\" \/>\n<meta property=\"og:description\" content=\"Proizvodnja PVC i aluminijske stolarije\" \/>\n<meta property=\"og:url\" content=\"https:\/\/www.bimaldoo.com\/wp\/\" \/>\n<meta property=\"og:site_name\" content=\"Bimal d.o.o. \u0160iroki Brijeg\" \/>\n<meta property=\"article:publisher\" content=\"https:\/\/www.facebook.com\/Bimaldoo\/\" \/>\n<meta property=\"article:modified_time\" content=\"2017-07-06T12:44:13+00:00\" \/>\n<meta property=\"og:image\" content=\"https:\/\/www.bimaldoo.com\/wp\/wp-content\/uploads\/2016\/06\/13453311_1061202917279833_141967292_o.jpg\" \/>\n\t<meta property=\"og:image:width\" content=\"1920\" \/>\n\t<meta property=\"og:image:height\" content=\"1265\" \/>\n\t<meta property=\"og:image:type\" content=\"image\/jpeg\" \/>\n<meta name=\"twitter:card\" content=\"summary_large_image\" \/>\n<meta name=\"twitter:label1\" content=\"Procijenjeno vrijeme \u010ditanja\" \/>\n\t<meta name=\"twitter:data1\" content=\"2 minute\" \/>\n<script type=\"application\/ld+json\" class=\"yoast-schema-graph\">{\"@context\":\"https:\\\/\\\/schema.org\",\"@graph\":[{\"@type\":\"WebPage\",\"@id\":\"https:\\\/\\\/www.bimaldoo.com\\\/wp\\\/\",\"url\":\"https:\\\/\\\/www.bimaldoo.com\\\/wp\\\/\",\"name\":\"PVC\\\/Al stolarija, segmentna vrata, ograde, roletne, grilje, komarice - Bimal d.o.o. \u0160iroki Brijeg\",\"isPartOf\":{\"@id\":\"https:\\\/\\\/www.bimaldoo.com\\\/wp\\\/#website\"},\"datePublished\":\"2016-06-22T19:44:21+00:00\",\"dateModified\":\"2017-07-06T12:44:13+00:00\",\"description\":\"BIMAL d.o.o. je privatna tvrtka specijalizirana za proizvodnju, prodaju i ugradnju PVC i ALU stolarije. Obratite nam se s povjerenjem.\",\"breadcrumb\":{\"@id\":\"https:\\\/\\\/www.bimaldoo.com\\\/wp\\\/#breadcrumb\"},\"inLanguage\":\"hr\",\"potentialAction\":[{\"@type\":\"ReadAction\",\"target\":[\"https:\\\/\\\/www.bimaldoo.com\\\/wp\\\/\"]}]},{\"@type\":\"BreadcrumbList\",\"@id\":\"https:\\\/\\\/www.bimaldoo.com\\\/wp\\\/#breadcrumb\",\"itemListElement\":[{\"@type\":\"ListItem\",\"position\":1,\"name\":\"Po\u010detna stranica\",\"item\":\"https:\\\/\\\/www.bimaldoo.com\\\/wp\\\/\"},{\"@type\":\"ListItem\",\"position\":2,\"name\":\"PVC\\\/Al stolarija, segmentna vrata, ograde, roletne, grilje, komarice\"}]},{\"@type\":\"WebSite\",\"@id\":\"https:\\\/\\\/www.bimaldoo.com\\\/wp\\\/#website\",\"url\":\"https:\\\/\\\/www.bimaldoo.com\\\/wp\\\/\",\"name\":\"Bimal d.o.o. \u0160iroki Brijeg\",\"description\":\"S nama kroz budu\u0107nost\",\"potentialAction\":[{\"@type\":\"SearchAction\",\"target\":{\"@type\":\"EntryPoint\",\"urlTemplate\":\"https:\\\/\\\/www.bimaldoo.com\\\/wp\\\/?s={search_term_string}\"},\"query-input\":{\"@type\":\"PropertyValueSpecification\",\"valueRequired\":true,\"valueName\":\"search_term_string\"}}],\"inLanguage\":\"hr\"}]}<\/script>\n<!-- \/ Yoast SEO plugin. -->","yoast_head_json":{"title":"PVC\/Al stolarija, segmentna vrata, ograde, roletne, grilje, komarice - Bimal d.o.o. \u0160iroki Brijeg","description":"BIMAL d.o.o. je privatna tvrtka specijalizirana za proizvodnju, prodaju i ugradnju PVC i ALU stolarije. Obratite nam se s povjerenjem.","robots":{"index":"index","follow":"follow","max-snippet":"max-snippet:-1","max-image-preview":"max-image-preview:large","max-video-preview":"max-video-preview:-1"},"canonical":"https:\/\/www.bimaldoo.com\/wp\/","og_locale":"hr_HR","og_type":"article","og_title":"Bimal d.o.o. - s nama kroz budu\u0107nost","og_description":"Proizvodnja PVC i aluminijske stolarije","og_url":"https:\/\/www.bimaldoo.com\/wp\/","og_site_name":"Bimal d.o.o. \u0160iroki Brijeg","article_publisher":"https:\/\/www.facebook.com\/Bimaldoo\/","article_modified_time":"2017-07-06T12:44:13+00:00","og_image":[{"width":1920,"height":1265,"url":"https:\/\/www.bimaldoo.com\/wp\/wp-content\/uploads\/2016\/06\/13453311_1061202917279833_141967292_o.jpg","type":"image\/jpeg"}],"twitter_card":"summary_large_image","twitter_misc":{"Procijenjeno vrijeme \u010ditanja":"2 minute"},"schema":{"@context":"https:\/\/schema.org","@graph":[{"@type":"WebPage","@id":"https:\/\/www.bimaldoo.com\/wp\/","url":"https:\/\/www.bimaldoo.com\/wp\/","name":"PVC\/Al stolarija, segmentna vrata, ograde, roletne, grilje, komarice - Bimal d.o.o. \u0160iroki Brijeg","isPartOf":{"@id":"https:\/\/www.bimaldoo.com\/wp\/#website"},"datePublished":"2016-06-22T19:44:21+00:00","dateModified":"2017-07-06T12:44:13+00:00","description":"BIMAL d.o.o. je privatna tvrtka specijalizirana za proizvodnju, prodaju i ugradnju PVC i ALU stolarije. Obratite nam se s povjerenjem.","breadcrumb":{"@id":"https:\/\/www.bimaldoo.com\/wp\/#breadcrumb"},"inLanguage":"hr","potentialAction":[{"@type":"ReadAction","target":["https:\/\/www.bimaldoo.com\/wp\/"]}]},{"@type":"BreadcrumbList","@id":"https:\/\/www.bimaldoo.com\/wp\/#breadcrumb","itemListElement":[{"@type":"ListItem","position":1,"name":"Po\u010detna stranica","item":"https:\/\/www.bimaldoo.com\/wp\/"},{"@type":"ListItem","position":2,"name":"PVC\/Al stolarija, segmentna vrata, ograde, roletne, grilje, komarice"}]},{"@type":"WebSite","@id":"https:\/\/www.bimaldoo.com\/wp\/#website","url":"https:\/\/www.bimaldoo.com\/wp\/","name":"Bimal d.o.o. \u0160iroki Brijeg","description":"S nama kroz budu\u0107nost","potentialAction":[{"@type":"SearchAction","target":{"@type":"EntryPoint","urlTemplate":"https:\/\/www.bimaldoo.com\/wp\/?s={search_term_string}"},"query-input":{"@type":"PropertyValueSpecification","valueRequired":true,"valueName":"search_term_string"}}],"inLanguage":"hr"}]}},"_links":{"self":[{"href":"http:\/\/www.bimaldoo.com\/wp\/index.php?rest_route=\/wp\/v2\/pages\/5","targetHints":{"allow":["GET"]}}],"collection":[{"href":"http:\/\/www.bimaldoo.com\/wp\/index.php?rest_route=\/wp\/v2\/pages"}],"about":[{"href":"http:\/\/www.bimaldoo.com\/wp\/index.php?rest_route=\/wp\/v2\/types\/page"}],"author":[{"embeddable":true,"href":"http:\/\/www.bimaldoo.com\/wp\/index.php?rest_route=\/wp\/v2\/users\/1"}],"replies":[{"embeddable":true,"href":"http:\/\/www.bimaldoo.com\/wp\/index.php?rest_route=%2Fwp%2Fv2%2Fcomments&post=5"}],"version-history":[{"count":22,"href":"http:\/\/www.bimaldoo.com\/wp\/index.php?rest_route=\/wp\/v2\/pages\/5\/revisions"}],"predecessor-version":[{"id":2166,"href":"http:\/\/www.bimaldoo.com\/wp\/index.php?rest_route=\/wp\/v2\/pages\/5\/revisions\/2166"}],"wp:attachment":[{"href":"http:\/\/www.bimaldoo.com\/wp\/index.php?rest_route=%2Fwp%2Fv2%2Fmedia&parent=5"}],"curies":[{"name":"wp","href":"https:\/\/api.w.org\/{rel}","templated":true}]}}